{"id":2497,"date":"2016-01-27T09:41:25","date_gmt":"2016-01-27T09:41:25","guid":{"rendered":"https:\/\/thaisdemoura.fit\/contacto\/"},"modified":"2023-12-23T10:23:03","modified_gmt":"2023-12-23T09:23:03","slug":"contacto","status":"publish","type":"page","link":"https:\/\/thaisdemoura.fit\/pt\/contacto\/","title":{"rendered":"Contacto"},"content":{"rendered":"<p><div class=\"fusion-fullwidth fullwidth-box fusion-builder-row-1 fusion-flex-container nonhundred-percent-fullwidth non-hundred-percent-height-scrolling\" style=\"--awb-border-radius-top-left:0px;--awb-border-radius-top-right:0px;--awb-border-radius-bottom-right:0px;--awb-border-radius-bottom-left:0px;--awb-flex-wrap:wrap;\" ><div class=\"fusion-builder-row fusion-row fusion-flex-align-items-flex-start fusion-flex-content-wrap\" style=\"max-width:1216.8px;margin-left: calc(-4% \/ 2 );margin-right: calc(-4% \/ 2 );\"><div class=\"fusion-layout-column fusion_builder_column fusion-builder-column-0 fusion_builder_column_2_5 2_5 fusion-flex-column\" style=\"--awb-padding-top:10px;--awb-bg-size:cover;--awb-width-large:40%;--awb-margin-top-large:3%;--awb-spacing-right-large:4.8%;--awb-margin-bottom-large:2%;--awb-spacing-left-large:4.8%;--awb-width-medium:40%;--awb-spacing-right-medium:4.8%;--awb-spacing-left-medium:4.8%;--awb-width-small:100%;--awb-spacing-right-small:1.92%;--awb-spacing-left-small:1.92%;\"><div class=\"fusion-column-wrapper fusion-flex-justify-content-flex-start fusion-content-layout-column\"><div class=\"fusion-text fusion-text-1\"><h2><span style=\"color: #f9225b;\">Encantada de poder ajudar-te.<\/span><\/h2>\n<\/div><div class=\"fusion-separator fusion-full-width-sep\" style=\"align-self: center;margin-left: auto;margin-right: auto;margin-top:10px;width:100%;\"><\/div><div class=\"fusion-text fusion-text-2\"><p>Entra em contacto comigo atrav\u00e9s deste formul\u00e1rio. Vamos dar-te uma resposta e encaminhar a tua solicita\u00e7\u00e3o para um dos nossos departamentos na <strong>Myox<\/strong>.<\/p>\n<p>Obrigada!<\/p>\n<\/div><div class=\"fusion-image-element \" style=\"--awb-caption-title-font-family:var(--h2_typography-font-family);--awb-caption-title-font-weight:var(--h2_typography-font-weight);--awb-caption-title-font-style:var(--h2_typography-font-style);--awb-caption-title-size:var(--h2_typography-font-size);--awb-caption-title-transform:var(--h2_typography-text-transform);--awb-caption-title-line-height:var(--h2_typography-line-height);--awb-caption-title-letter-spacing:var(--h2_typography-letter-spacing);\"><span class=\" fusion-imageframe imageframe-none imageframe-1 hover-type-none\"><img decoding=\"async\" width=\"1024\" height=\"382\" title=\"myox.fit rgb\" src=\"https:\/\/thaisdemoura.fit\/wp-content\/uploads\/2020\/05\/myox.fit-rgb-1024x382.png\" alt class=\"img-responsive wp-image-2501\" srcset=\"https:\/\/thaisdemoura.fit\/wp-content\/uploads\/2020\/05\/myox.fit-rgb-200x75.png 200w, https:\/\/thaisdemoura.fit\/wp-content\/uploads\/2020\/05\/myox.fit-rgb-400x149.png 400w, https:\/\/thaisdemoura.fit\/wp-content\/uploads\/2020\/05\/myox.fit-rgb-600x224.png 600w, https:\/\/thaisdemoura.fit\/wp-content\/uploads\/2020\/05\/myox.fit-rgb-800x298.png 800w, https:\/\/thaisdemoura.fit\/wp-content\/uploads\/2020\/05\/myox.fit-rgb-1200x447.png 1200w\" sizes=\"(max-width: 640px) 100vw, 600px\" \/><\/span><\/div><\/div><\/div><div class=\"fusion-layout-column fusion_builder_column fusion-builder-column-1 fusion_builder_column_3_5 3_5 fusion-flex-column\" style=\"--awb-bg-size:cover;--awb-width-large:60%;--awb-margin-top-large:3%;--awb-spacing-right-large:3.2%;--awb-margin-bottom-large:3%;--awb-spacing-left-large:3.2%;--awb-width-medium:60%;--awb-spacing-right-medium:3.2%;--awb-spacing-left-medium:3.2%;--awb-width-small:100%;--awb-spacing-right-small:1.92%;--awb-spacing-left-small:1.92%;\"><div class=\"fusion-column-wrapper fusion-flex-justify-content-flex-start fusion-content-layout-column\"><script type=\"text\/javascript\" src=\"https:\/\/api.clientify.net\/web-marketing\/superforms\/script\/157393.js\"><\/script><\/div><\/div><div class=\"fusion-layout-column fusion_builder_column fusion-builder-column-2 fusion_builder_column_1_1 1_1 fusion-flex-column\" style=\"--awb-bg-size:cover;--awb-width-large:100%;--awb-margin-top-large:0px;--awb-spacing-right-large:1.92%;--awb-margin-bottom-large:0px;--awb-spacing-left-large:1.92%;--awb-width-medium:100%;--awb-spacing-right-medium:1.92%;--awb-spacing-left-medium:1.92%;--awb-width-small:100%;--awb-spacing-right-small:1.92%;--awb-spacing-left-small:1.92%;\"><div class=\"fusion-column-wrapper fusion-flex-justify-content-flex-start fusion-content-layout-column\"><div class=\"fusion-separator fusion-full-width-sep\" style=\"align-self: center;margin-left: auto;margin-right: auto;margin-top:50px;width:100%;\"><\/div><div class=\"fusion-section-separator section-separator slant fusion-section-separator-1\" style=\"--awb-spacer-height:99px;--awb-svg-margin-left:1.92%;--awb-svg-margin-right:1.92%;--awb-svg-margin-left-medium:1.92%;--awb-svg-margin-right-medium:1.92%;--awb-svg-margin-left-small:1.92%;--awb-svg-margin-right-small:1.92%;--awb-divider-height:99px;--awb-spacer-padding-top:inherit;--awb-sep-padding:0;--awb-svg-padding:0;--awb-svg-tag-margin-bottom:-3px;--awb-sep-svg-display:block;\"><div class=\"fusion-section-separator-svg\"><svg class=\"fusion-slant-candy\" xmlns=\"http:\/\/www.w3.org\/2000\/svg\" version=\"1.1\" width=\"100%\" height=\"100\" viewBox=\"0 0 100 100\" preserveAspectRatio=\"none\" fill=\"rgba(235,236,237,1)\"><path d=\"M100 0 L0 100 L101 100 Z\"><\/path><\/svg><\/div><div class=\"fusion-section-separator-spacer\"><div class=\"fusion-section-separator-spacer-height\"><\/div><\/div><\/div><\/div><\/div><\/div><\/div><div class=\"fusion-fullwidth fullwidth-box fusion-builder-row-2 fusion-flex-container nonhundred-percent-fullwidth non-hundred-percent-height-scrolling\" style=\"--awb-border-radius-top-left:0px;--awb-border-radius-top-right:0px;--awb-border-radius-bottom-right:0px;--awb-border-radius-bottom-left:0px;--awb-padding-top:80px;--awb-padding-bottom:70px;--awb-background-color:#ebeced;--awb-flex-wrap:wrap;\" ><div class=\"fusion-builder-row fusion-row fusion-flex-align-items-flex-start fusion-flex-content-wrap\" style=\"max-width:1216.8px;margin-left: calc(-4% \/ 2 );margin-right: calc(-4% \/ 2 );\"><div class=\"fusion-layout-column fusion_builder_column fusion-builder-column-3 fusion_builder_column_1_3 1_3 fusion-flex-column\" style=\"--awb-bg-size:cover;--awb-width-large:33.333333333333%;--awb-margin-top-large:3%;--awb-spacing-right-large:5.76%;--awb-margin-bottom-large:40px;--awb-spacing-left-large:5.76%;--awb-width-medium:33.333333333333%;--awb-spacing-right-medium:5.76%;--awb-spacing-left-medium:5.76%;--awb-width-small:100%;--awb-spacing-right-small:1.92%;--awb-spacing-left-small:1.92%;\"><div class=\"fusion-column-wrapper fusion-flex-justify-content-flex-start fusion-content-layout-column\"><div class=\"fusion-text fusion-text-3\"><h2 style=\"color: #1d2028;\">Contacto<\/h2>\n<\/div><div class=\"fusion-separator\" style=\"align-self: flex-start;margin-right:auto;margin-top:0px;margin-bottom:50px;width:100%;max-width:130px;\"><div class=\"fusion-separator-border sep-single sep-solid\" style=\"--awb-height:20px;--awb-amount:20px;--awb-sep-color:#b9bfcc;border-color:#b9bfcc;border-top-width:1px;\"><\/div><\/div><div class=\"fusion-text fusion-text-4\"><h4 style=\"color: #555c6e;\">Telefone e WhatsApp:<\/h4>\n<h4 style=\"color: #555c6e;\"><strong>+34 622.700.600<\/strong><\/h4>\n<h4 style=\"color: #555c6e;\">E.mail: <a href=\"mailto:thaisdemoura@myox.fit\">thaisdemoura@myox.fit<\/a><\/h4>\n<\/div><\/div><\/div><div class=\"fusion-layout-column fusion_builder_column fusion-builder-column-4 fusion_builder_column_1_3 1_3 fusion-flex-column\" style=\"--awb-bg-size:cover;--awb-width-large:33.333333333333%;--awb-margin-top-large:3%;--awb-spacing-right-large:5.76%;--awb-margin-bottom-large:2%;--awb-spacing-left-large:5.76%;--awb-width-medium:33.333333333333%;--awb-spacing-right-medium:5.76%;--awb-spacing-left-medium:5.76%;--awb-width-small:100%;--awb-spacing-right-small:1.92%;--awb-spacing-left-small:1.92%;\"><div class=\"fusion-column-wrapper fusion-flex-justify-content-flex-start fusion-content-layout-column\"><div class=\"fusion-text fusion-text-5\"><h2 style=\"color: #1d2028;\">Dire\u00e7\u00e3o postal<\/h2>\n<\/div><div class=\"fusion-separator\" style=\"align-self: flex-start;margin-right:auto;margin-top:0px;margin-bottom:50px;width:100%;max-width:130px;\"><div class=\"fusion-separator-border sep-single sep-solid\" style=\"--awb-height:20px;--awb-amount:20px;--awb-sep-color:#b9bfcc;border-color:#b9bfcc;border-top-width:1px;\"><\/div><\/div><div class=\"fusion-text fusion-text-6\"><h5><span style=\"color: #000000;\">THAIS DE MOURA MENDES<\/span><br \/>\n<span style=\"color: #000000;\">03530 LA NUC\u00cdA (ALICANTE)<\/span><br \/>\n<span style=\"color: #000000;\"> ESPANHA<\/span><\/h5>\n<\/div><\/div><\/div><div class=\"fusion-layout-column fusion_builder_column fusion-builder-column-5 fusion_builder_column_1_3 1_3 fusion-flex-column\" style=\"--awb-bg-size:cover;--awb-width-large:33.333333333333%;--awb-margin-top-large:3%;--awb-spacing-right-large:5.76%;--awb-margin-bottom-large:40px;--awb-spacing-left-large:5.76%;--awb-width-medium:33.333333333333%;--awb-spacing-right-medium:5.76%;--awb-spacing-left-medium:5.76%;--awb-width-small:100%;--awb-spacing-right-small:1.92%;--awb-spacing-left-small:1.92%;\"><div class=\"fusion-column-wrapper fusion-flex-justify-content-flex-start fusion-content-layout-column\"><div class=\"fusion-text fusion-text-7\"><h2 style=\"color: #1d2028;\">Redes sociais<\/h2>\n<\/div><div class=\"fusion-separator\" style=\"align-self: flex-start;margin-right:auto;margin-top:0px;margin-bottom:50px;width:100%;max-width:130px;\"><div class=\"fusion-separator-border sep-single sep-solid\" style=\"--awb-height:20px;--awb-amount:20px;--awb-sep-color:#b9bfcc;border-color:#b9bfcc;border-top-width:1px;\"><\/div><\/div><div class=\"fusion-social-links fusion-social-links-1\" style=\"--awb-margin-top:0px;--awb-margin-right:0px;--awb-margin-bottom:0px;--awb-margin-left:0px;--awb-box-border-top:0px;--awb-box-border-right:0px;--awb-box-border-bottom:0px;--awb-box-border-left:0px;--awb-icon-colors-hover:var(--awb-color4);--awb-box-colors-hover:var(--awb-color1);--awb-box-border-color:var(--awb-color3);--awb-box-border-color-hover:var(--awb-color4);\"><div class=\"fusion-social-networks boxed-icons color-type-custom\"><div class=\"fusion-social-networks-wrapper\"><a class=\"fusion-social-network-icon fusion-tooltip fusion-facebook awb-icon-facebook\" style=\"color:#f9225b;font-size:20px;width:20px;background-color:#ffffff;border-color:#ffffff;border-radius:0px;\" data-placement=\"top\" data-title=\"Facebook\" data-toggle=\"tooltip\" title=\"Facebook\" aria-label=\"facebook\" target=\"_blank\" rel=\"noopener noreferrer\" href=\"https:\/\/www.facebook.com\/myox.fit\/\"><\/a><a class=\"fusion-social-network-icon fusion-tooltip fusion-instagram awb-icon-instagram\" style=\"color:#f9225b;font-size:20px;width:20px;background-color:#ffffff;border-color:#ffffff;border-radius:0px;\" data-placement=\"top\" data-title=\"Instagram\" data-toggle=\"tooltip\" title=\"Instagram\" aria-label=\"instagram\" target=\"_blank\" rel=\"noopener noreferrer\" href=\"https:\/\/www.instagram.com\/myox.fit\/\"><\/a><a class=\"fusion-social-network-icon fusion-tooltip fusion-youtube awb-icon-youtube\" style=\"color:#f9225b;font-size:20px;width:20px;background-color:#ffffff;border-color:#ffffff;border-radius:0px;\" data-placement=\"top\" data-title=\"YouTube\" data-toggle=\"tooltip\" title=\"YouTube\" aria-label=\"youtube\" target=\"_blank\" rel=\"noopener noreferrer\" href=\"https:\/\/www.youtube.com\/MyoxFit\"><\/a><\/div><\/div><\/div><\/div><\/div><\/div><\/div><\/p>\n","protected":false},"excerpt":{"rendered":"","protected":false},"author":4,"featured_media":0,"parent":0,"menu_order":0,"comment_status":"closed","ping_status":"closed","template":"100-width.php","meta":{"_acf_changed":false,"footnotes":""},"class_list":["post-2497","page","type-page","status-publish","hentry"],"acf":[],"yoast_head":"<!-- This site is optimized with the Yoast SEO plugin v27.5 - https:\/\/yoast.com\/product\/yoast-seo-wordpress\/ -->\n<title>Contacta com a tua treinadora pessoal | Thais de Moura<\/title>\n<meta name=\"description\" content=\"Treino Pessoal | Prepara\u00e7\u00e3o F\u00edsica | Gr\u00e1vidas e p\u00f3s-parto | Hipopressivos | Eletroestimula\u00e7\u00e3o. Estou em La Nuc\u00eda, falamos?\" \/>\n<meta name=\"robots\" content=\"index, follow, max-snippet:-1, max-image-preview:large, max-video-preview:-1\" \/>\n<link rel=\"canonical\" href=\"https:\/\/thaisdemoura.fit\/pt\/contacto\/\" \/>\n<meta property=\"og:locale\" content=\"pt_PT\" \/>\n<meta property=\"og:type\" content=\"article\" \/>\n<meta property=\"og:title\" content=\"Contacta com a tua treinadora pessoal | Thais de Moura\" \/>\n<meta property=\"og:description\" content=\"Treino Pessoal | Prepara\u00e7\u00e3o F\u00edsica | Gr\u00e1vidas e p\u00f3s-parto | Hipopressivos | Eletroestimula\u00e7\u00e3o. Estou em La Nuc\u00eda, falamos?\" \/>\n<meta property=\"og:url\" content=\"https:\/\/thaisdemoura.fit\/pt\/contacto\/\" \/>\n<meta property=\"og:site_name\" content=\"Thais de Moura - MYOX \u00ae\" \/>\n<meta property=\"article:modified_time\" content=\"2023-12-23T09:23:03+00:00\" \/>\n<meta name=\"twitter:card\" content=\"summary_large_image\" \/>\n<meta name=\"twitter:label1\" content=\"Tempo estimado de leitura\" \/>\n\t<meta name=\"twitter:data1\" content=\"1 minuto\" \/>\n<script type=\"application\/ld+json\" class=\"yoast-schema-graph\">{\"@context\":\"https:\\\/\\\/schema.org\",\"@graph\":[{\"@type\":\"WebPage\",\"@id\":\"https:\\\/\\\/thaisdemoura.fit\\\/pt\\\/contacto\\\/\",\"url\":\"https:\\\/\\\/thaisdemoura.fit\\\/pt\\\/contacto\\\/\",\"name\":\"Contacta com a tua treinadora pessoal | Thais de Moura\",\"isPartOf\":{\"@id\":\"https:\\\/\\\/thaisdemoura.fit\\\/pt\\\/#website\"},\"datePublished\":\"2016-01-27T09:41:25+00:00\",\"dateModified\":\"2023-12-23T09:23:03+00:00\",\"description\":\"Treino Pessoal | Prepara\u00e7\u00e3o F\u00edsica | Gr\u00e1vidas e p\u00f3s-parto | Hipopressivos | Eletroestimula\u00e7\u00e3o. Estou em La Nuc\u00eda, falamos?\",\"breadcrumb\":{\"@id\":\"https:\\\/\\\/thaisdemoura.fit\\\/pt\\\/contacto\\\/#breadcrumb\"},\"inLanguage\":\"pt-PT\",\"potentialAction\":[{\"@type\":\"ReadAction\",\"target\":[\"https:\\\/\\\/thaisdemoura.fit\\\/pt\\\/contacto\\\/\"]}]},{\"@type\":\"BreadcrumbList\",\"@id\":\"https:\\\/\\\/thaisdemoura.fit\\\/pt\\\/contacto\\\/#breadcrumb\",\"itemListElement\":[{\"@type\":\"ListItem\",\"position\":1,\"name\":\"Portada\",\"item\":\"https:\\\/\\\/thaisdemoura.fit\\\/pt\\\/\"},{\"@type\":\"ListItem\",\"position\":2,\"name\":\"Contacto\"}]},{\"@type\":\"WebSite\",\"@id\":\"https:\\\/\\\/thaisdemoura.fit\\\/pt\\\/#website\",\"url\":\"https:\\\/\\\/thaisdemoura.fit\\\/pt\\\/\",\"name\":\"Thais de Moura - MYOX \u00ae\",\"description\":\"Entrenadora Personal en La Nuc\u00eda, especialista en salud y bienestar.\",\"publisher\":{\"@id\":\"https:\\\/\\\/thaisdemoura.fit\\\/pt\\\/#\\\/schema\\\/person\\\/cfca89cc73ab2b95beaf9239244a1e8c\"},\"potentialAction\":[{\"@type\":\"SearchAction\",\"target\":{\"@type\":\"EntryPoint\",\"urlTemplate\":\"https:\\\/\\\/thaisdemoura.fit\\\/pt\\\/?s={search_term_string}\"},\"query-input\":{\"@type\":\"PropertyValueSpecification\",\"valueRequired\":true,\"valueName\":\"search_term_string\"}}],\"inLanguage\":\"pt-PT\"},{\"@type\":[\"Person\",\"Organization\"],\"@id\":\"https:\\\/\\\/thaisdemoura.fit\\\/pt\\\/#\\\/schema\\\/person\\\/cfca89cc73ab2b95beaf9239244a1e8c\",\"name\":\"Thais de Moura Mendes\",\"image\":{\"@type\":\"ImageObject\",\"inLanguage\":\"pt-PT\",\"@id\":\"https:\\\/\\\/thaisdemoura.fit\\\/wp-content\\\/uploads\\\/2019\\\/05\\\/MYOX-FIT-CUAD.jpg\",\"url\":\"https:\\\/\\\/thaisdemoura.fit\\\/wp-content\\\/uploads\\\/2019\\\/05\\\/MYOX-FIT-CUAD.jpg\",\"contentUrl\":\"https:\\\/\\\/thaisdemoura.fit\\\/wp-content\\\/uploads\\\/2019\\\/05\\\/MYOX-FIT-CUAD.jpg\",\"width\":2172,\"height\":1892,\"caption\":\"Thais de Moura Mendes\"},\"logo\":{\"@id\":\"https:\\\/\\\/thaisdemoura.fit\\\/wp-content\\\/uploads\\\/2019\\\/05\\\/MYOX-FIT-CUAD.jpg\"},\"sameAs\":[\"https:\\\/\\\/thaisdemoura.fit\"]}]}<\/script>\n<!-- \/ Yoast SEO plugin. -->","yoast_head_json":{"title":"Contacta com a tua treinadora pessoal | Thais de Moura","description":"Treino Pessoal | Prepara\u00e7\u00e3o F\u00edsica | Gr\u00e1vidas e p\u00f3s-parto | Hipopressivos | Eletroestimula\u00e7\u00e3o. Estou em La Nuc\u00eda, falamos?","robots":{"index":"index","follow":"follow","max-snippet":"max-snippet:-1","max-image-preview":"max-image-preview:large","max-video-preview":"max-video-preview:-1"},"canonical":"https:\/\/thaisdemoura.fit\/pt\/contacto\/","og_locale":"pt_PT","og_type":"article","og_title":"Contacta com a tua treinadora pessoal | Thais de Moura","og_description":"Treino Pessoal | Prepara\u00e7\u00e3o F\u00edsica | Gr\u00e1vidas e p\u00f3s-parto | Hipopressivos | Eletroestimula\u00e7\u00e3o. Estou em La Nuc\u00eda, falamos?","og_url":"https:\/\/thaisdemoura.fit\/pt\/contacto\/","og_site_name":"Thais de Moura - MYOX \u00ae","article_modified_time":"2023-12-23T09:23:03+00:00","twitter_card":"summary_large_image","twitter_misc":{"Tempo estimado de leitura":"1 minuto"},"schema":{"@context":"https:\/\/schema.org","@graph":[{"@type":"WebPage","@id":"https:\/\/thaisdemoura.fit\/pt\/contacto\/","url":"https:\/\/thaisdemoura.fit\/pt\/contacto\/","name":"Contacta com a tua treinadora pessoal | Thais de Moura","isPartOf":{"@id":"https:\/\/thaisdemoura.fit\/pt\/#website"},"datePublished":"2016-01-27T09:41:25+00:00","dateModified":"2023-12-23T09:23:03+00:00","description":"Treino Pessoal | Prepara\u00e7\u00e3o F\u00edsica | Gr\u00e1vidas e p\u00f3s-parto | Hipopressivos | Eletroestimula\u00e7\u00e3o. Estou em La Nuc\u00eda, falamos?","breadcrumb":{"@id":"https:\/\/thaisdemoura.fit\/pt\/contacto\/#breadcrumb"},"inLanguage":"pt-PT","potentialAction":[{"@type":"ReadAction","target":["https:\/\/thaisdemoura.fit\/pt\/contacto\/"]}]},{"@type":"BreadcrumbList","@id":"https:\/\/thaisdemoura.fit\/pt\/contacto\/#breadcrumb","itemListElement":[{"@type":"ListItem","position":1,"name":"Portada","item":"https:\/\/thaisdemoura.fit\/pt\/"},{"@type":"ListItem","position":2,"name":"Contacto"}]},{"@type":"WebSite","@id":"https:\/\/thaisdemoura.fit\/pt\/#website","url":"https:\/\/thaisdemoura.fit\/pt\/","name":"Thais de Moura - MYOX \u00ae","description":"Entrenadora Personal en La Nuc\u00eda, especialista en salud y bienestar.","publisher":{"@id":"https:\/\/thaisdemoura.fit\/pt\/#\/schema\/person\/cfca89cc73ab2b95beaf9239244a1e8c"},"potentialAction":[{"@type":"SearchAction","target":{"@type":"EntryPoint","urlTemplate":"https:\/\/thaisdemoura.fit\/pt\/?s={search_term_string}"},"query-input":{"@type":"PropertyValueSpecification","valueRequired":true,"valueName":"search_term_string"}}],"inLanguage":"pt-PT"},{"@type":["Person","Organization"],"@id":"https:\/\/thaisdemoura.fit\/pt\/#\/schema\/person\/cfca89cc73ab2b95beaf9239244a1e8c","name":"Thais de Moura Mendes","image":{"@type":"ImageObject","inLanguage":"pt-PT","@id":"https:\/\/thaisdemoura.fit\/wp-content\/uploads\/2019\/05\/MYOX-FIT-CUAD.jpg","url":"https:\/\/thaisdemoura.fit\/wp-content\/uploads\/2019\/05\/MYOX-FIT-CUAD.jpg","contentUrl":"https:\/\/thaisdemoura.fit\/wp-content\/uploads\/2019\/05\/MYOX-FIT-CUAD.jpg","width":2172,"height":1892,"caption":"Thais de Moura Mendes"},"logo":{"@id":"https:\/\/thaisdemoura.fit\/wp-content\/uploads\/2019\/05\/MYOX-FIT-CUAD.jpg"},"sameAs":["https:\/\/thaisdemoura.fit"]}]}},"_links":{"self":[{"href":"https:\/\/thaisdemoura.fit\/pt\/wp-json\/wp\/v2\/pages\/2497","targetHints":{"allow":["GET"]}}],"collection":[{"href":"https:\/\/thaisdemoura.fit\/pt\/wp-json\/wp\/v2\/pages"}],"about":[{"href":"https:\/\/thaisdemoura.fit\/pt\/wp-json\/wp\/v2\/types\/page"}],"author":[{"embeddable":true,"href":"https:\/\/thaisdemoura.fit\/pt\/wp-json\/wp\/v2\/users\/4"}],"replies":[{"embeddable":true,"href":"https:\/\/thaisdemoura.fit\/pt\/wp-json\/wp\/v2\/comments?post=2497"}],"version-history":[{"count":0,"href":"https:\/\/thaisdemoura.fit\/pt\/wp-json\/wp\/v2\/pages\/2497\/revisions"}],"wp:attachment":[{"href":"https:\/\/thaisdemoura.fit\/pt\/wp-json\/wp\/v2\/media?parent=2497"}],"curies":[{"name":"wp","href":"https:\/\/api.w.org\/{rel}","templated":true}]}}